{"id":986,"date":"2019-06-24T10:43:50","date_gmt":"2019-06-24T10:43:50","guid":{"rendered":"https:\/\/restaurantesideral.com.br\/novo\/?page_id=986"},"modified":"2026-02-04T19:49:18","modified_gmt":"2026-02-04T22:49:18","slug":"menu-1","status":"publish","type":"page","link":"https:\/\/restaurantesideral.com.br\/novo\/menu-1\/","title":{"rendered":"Card\u00e1pio"},"content":{"rendered":"\t\t<div data-elementor-type=\"wp-post\" data-elementor-id=\"986\" class=\"elementor elementor-986\">\n\t\t\t\t\t\t<section class=\"elementor-section elementor-top-section elementor-element elementor-element-02972b0 elementor-section-boxed elementor-section-height-default elementor-section-height-default\" data-id=\"02972b0\" data-element_type=\"section\" data-e-type=\"section\">\n\t\t\t\t\t\t<div class=\"elementor-container elementor-column-gap-default\">\n\t\t\t\t\t<div class=\"elementor-column elementor-col-100 elementor-top-column elementor-element elementor-element-5c56ae5\" data-id=\"5c56ae5\" data-element_type=\"column\" data-e-type=\"column\">\n\t\t\t<div class=\"elementor-widget-wrap elementor-element-populated\">\n\t\t\t\t\t\t<div class=\"elementor-element elementor-element-2b5a7ae elementor-widget elementor-widget-delicios-title\" data-id=\"2b5a7ae\" data-element_type=\"widget\" data-e-type=\"widget\" data-widget_type=\"delicios-title.default\">\n\t\t\t\t<div class=\"elementor-widget-container\">\n\t\t\t\t\t\n   <div class=\"ts-section-title title-center\">\n      <h2 class=\"section-title \">\n        <span>Saladas<\/span>     <\/h2>\n               <i class=\"icon icon-title\"><\/i>\n\t\t\t      \t\t\t\n   <\/div>\n    \n    \t\t\t\t<\/div>\n\t\t\t\t<\/div>\n\t\t\t\t<section class=\"elementor-section elementor-inner-section elementor-element elementor-element-e160852 elementor-section-boxed elementor-section-height-default elementor-section-height-default\" data-id=\"e160852\" data-element_type=\"section\" data-e-type=\"section\">\n\t\t\t\t\t\t<div class=\"elementor-container elementor-column-gap-default\">\n\t\t\t\t\t<div class=\"elementor-column elementor-col-100 elementor-inner-column elementor-element elementor-element-df79882\" data-id=\"df79882\" data-element_type=\"column\" data-e-type=\"column\">\n\t\t\t<div class=\"elementor-widget-wrap elementor-element-populated\">\n\t\t\t\t\t\t<div class=\"elementor-element elementor-element-a228a01 elementor-widget elementor-widget-delicios-food-menu\" data-id=\"a228a01\" data-element_type=\"widget\" data-e-type=\"widget\" data-widget_type=\"delicios-food-menu.default\">\n\t\t\t\t<div class=\"elementor-widget-container\">\n\t\t\t\t\t                   \n                        <div class=\"row menu-section\"> \n                           <\/div>\n\n                   \n           \n      \t\t\t\t<\/div>\n\t\t\t\t<\/div>\n\t\t\t\t\t<\/div>\n\t\t<\/div>\n\t\t\t\t\t<\/div>\n\t\t<\/section>\n\t\t\t\t\t<\/div>\n\t\t<\/div>\n\t\t\t\t\t<\/div>\n\t\t<\/section>\n\t\t\t\t<section class=\"elementor-section elementor-top-section elementor-element elementor-element-bcffb0b elementor-section-boxed elementor-section-height-default elementor-section-height-default\" data-id=\"bcffb0b\" data-element_type=\"section\" data-e-type=\"section\">\n\t\t\t\t\t\t<div class=\"elementor-container elementor-column-gap-default\">\n\t\t\t\t\t<div class=\"elementor-column elementor-col-100 elementor-top-column elementor-element elementor-element-cba1e81\" data-id=\"cba1e81\" data-element_type=\"column\" data-e-type=\"column\">\n\t\t\t<div class=\"elementor-widget-wrap elementor-element-populated\">\n\t\t\t\t\t\t<div class=\"elementor-element elementor-element-488f887 elementor-widget elementor-widget-delicios-title\" data-id=\"488f887\" data-element_type=\"widget\" data-e-type=\"widget\" data-widget_type=\"delicios-title.default\">\n\t\t\t\t<div class=\"elementor-widget-container\">\n\t\t\t\t\t\n   <div class=\"ts-section-title title-center\">\n      <h2 class=\"section-title \">\n        <span>Por\u00e7\u00f5es<\/span>     <\/h2>\n               <i class=\"icon icon-title\"><\/i>\n\t\t\t      \t\t\t\n   <\/div>\n    \n    \t\t\t\t<\/div>\n\t\t\t\t<\/div>\n\t\t\t\t<section class=\"elementor-section elementor-inner-section elementor-element elementor-element-f028dae elementor-section-boxed elementor-section-height-default elementor-section-height-default\" data-id=\"f028dae\" data-element_type=\"section\" data-e-type=\"section\">\n\t\t\t\t\t\t<div class=\"elementor-container elementor-column-gap-default\">\n\t\t\t\t\t<div class=\"elementor-column elementor-col-100 elementor-inner-column elementor-element elementor-element-8e38786\" data-id=\"8e38786\" data-element_type=\"column\" data-e-type=\"column\">\n\t\t\t<div class=\"elementor-widget-wrap elementor-element-populated\">\n\t\t\t\t\t\t<div class=\"elementor-element elementor-element-fcc5b70 elementor-widget elementor-widget-delicios-food-menu\" data-id=\"fcc5b70\" data-element_type=\"widget\" data-e-type=\"widget\" data-widget_type=\"delicios-food-menu.default\">\n\t\t\t\t<div class=\"elementor-widget-container\">\n\t\t\t\t\t                   \n                        <div class=\"row menu-section\"> \n                           <\/div>\n\n                   \n           \n      \t\t\t\t<\/div>\n\t\t\t\t<\/div>\n\t\t\t\t\t<\/div>\n\t\t<\/div>\n\t\t\t\t\t<\/div>\n\t\t<\/section>\n\t\t\t\t\t<\/div>\n\t\t<\/div>\n\t\t\t\t\t<\/div>\n\t\t<\/section>\n\t\t\t\t<section class=\"elementor-section elementor-top-section elementor-element elementor-element-6bfe4ca elementor-section-boxed elementor-section-height-default elementor-section-height-default\" data-id=\"6bfe4ca\" data-element_type=\"section\" data-e-type=\"section\">\n\t\t\t\t\t\t<div class=\"elementor-container elementor-column-gap-default\">\n\t\t\t\t\t<div class=\"elementor-column elementor-col-100 elementor-top-column elementor-element elementor-element-16a9f2b\" data-id=\"16a9f2b\" data-element_type=\"column\" data-e-type=\"column\">\n\t\t\t<div class=\"elementor-widget-wrap elementor-element-populated\">\n\t\t\t\t\t\t<div class=\"elementor-element elementor-element-762ae81 elementor-widget elementor-widget-delicios-title\" data-id=\"762ae81\" data-element_type=\"widget\" data-e-type=\"widget\" data-widget_type=\"delicios-title.default\">\n\t\t\t\t<div class=\"elementor-widget-container\">\n\t\t\t\t\t\n   <div class=\"ts-section-title title-center\">\n      <h2 class=\"section-title \">\n        <span>Maioneses<\/span>     <\/h2>\n               <i class=\"icon icon-title\"><\/i>\n\t\t\t      \t\t\t\n   <\/div>\n    \n    \t\t\t\t<\/div>\n\t\t\t\t<\/div>\n\t\t\t\t<section class=\"elementor-section elementor-inner-section elementor-element elementor-element-6efeb61 elementor-section-boxed elementor-section-height-default elementor-section-height-default\" data-id=\"6efeb61\" data-element_type=\"section\" data-e-type=\"section\">\n\t\t\t\t\t\t<div class=\"elementor-container elementor-column-gap-default\">\n\t\t\t\t\t<div class=\"elementor-column elementor-col-100 elementor-inner-column elementor-element elementor-element-10372e1\" data-id=\"10372e1\" data-element_type=\"column\" data-e-type=\"column\">\n\t\t\t<div class=\"elementor-widget-wrap elementor-element-populated\">\n\t\t\t\t\t\t<div class=\"elementor-element elementor-element-d3f3395 elementor-widget elementor-widget-delicios-food-menu\" data-id=\"d3f3395\" data-element_type=\"widget\" data-e-type=\"widget\" data-widget_type=\"delicios-food-menu.default\">\n\t\t\t\t<div class=\"elementor-widget-container\">\n\t\t\t\t\t                   \n                        <div class=\"row menu-section\"> \n                           <\/div>\n\n                   \n           \n      \t\t\t\t<\/div>\n\t\t\t\t<\/div>\n\t\t\t\t<div class=\"elementor-element elementor-element-eaff624 elementor-widget elementor-widget-delicios-title\" data-id=\"eaff624\" data-element_type=\"widget\" data-e-type=\"widget\" data-widget_type=\"delicios-title.default\">\n\t\t\t\t<div class=\"elementor-widget-container\">\n\t\t\t\t\t\n   <div class=\"ts-section-title title-center\">\n      <h2 class=\"section-title \">\n        <span>Sandu\u00edches<\/span>     <\/h2>\n               <i class=\"icon icon-title\"><\/i>\n\t\t\t      \t\t\t\n   <\/div>\n    \n    \t\t\t\t<\/div>\n\t\t\t\t<\/div>\n\t\t\t\t<div class=\"elementor-element elementor-element-4ed8e67 elementor-widget elementor-widget-delicios-food-menu\" data-id=\"4ed8e67\" data-element_type=\"widget\" data-e-type=\"widget\" data-widget_type=\"delicios-food-menu.default\">\n\t\t\t\t<div class=\"elementor-widget-container\">\n\t\t\t\t\t                   \n                        <div class=\"row menu-section\"> \n                           <\/div>\n\n                   \n           \n      \t\t\t\t<\/div>\n\t\t\t\t<\/div>\n\t\t\t\t<div class=\"elementor-element elementor-element-e002069 elementor-widget elementor-widget-delicios-title\" data-id=\"e002069\" data-element_type=\"widget\" data-e-type=\"widget\" data-widget_type=\"delicios-title.default\">\n\t\t\t\t<div class=\"elementor-widget-container\">\n\t\t\t\t\t\n   <div class=\"ts-section-title title-center\">\n      <h2 class=\"section-title \">\n        <span>Pratos Infantis<\/span>     <\/h2>\n               <i class=\"icon icon-title\"><\/i>\n\t\t\t      \t\t\t\n   <\/div>\n    \n    \t\t\t\t<\/div>\n\t\t\t\t<\/div>\n\t\t\t\t<div class=\"elementor-element elementor-element-ab6c7cf elementor-widget elementor-widget-delicios-food-menu\" data-id=\"ab6c7cf\" data-element_type=\"widget\" data-e-type=\"widget\" data-widget_type=\"delicios-food-menu.default\">\n\t\t\t\t<div class=\"elementor-widget-container\">\n\t\t\t\t\t                   \n                        <div class=\"row menu-section\"> \n                           <\/div>\n\n                   \n           \n      \t\t\t\t<\/div>\n\t\t\t\t<\/div>\n\t\t\t\t<div class=\"elementor-element elementor-element-f4e7531 elementor-widget elementor-widget-delicios-title\" data-id=\"f4e7531\" data-element_type=\"widget\" data-e-type=\"widget\" data-widget_type=\"delicios-title.default\">\n\t\t\t\t<div class=\"elementor-widget-container\">\n\t\t\t\t\t\n   <div class=\"ts-section-title title-center\">\n      <h2 class=\"section-title \">\n        <span>Carnes e Frangos<\/span>     <\/h2>\n               <i class=\"icon icon-title\"><\/i>\n\t\t\t      \t\t\t\n   <\/div>\n    \n    \t\t\t\t<\/div>\n\t\t\t\t<\/div>\n\t\t\t\t<div class=\"elementor-element elementor-element-c6796f1 elementor-widget elementor-widget-delicios-food-menu\" data-id=\"c6796f1\" data-element_type=\"widget\" data-e-type=\"widget\" data-widget_type=\"delicios-food-menu.default\">\n\t\t\t\t<div class=\"elementor-widget-container\">\n\t\t\t\t\t                   \n                        <div class=\"row menu-section\"> \n                           <\/div>\n\n                   \n           \n      \t\t\t\t<\/div>\n\t\t\t\t<\/div>\n\t\t\t\t<div class=\"elementor-element elementor-element-f97231e elementor-widget elementor-widget-delicios-title\" data-id=\"f97231e\" data-element_type=\"widget\" data-e-type=\"widget\" data-widget_type=\"delicios-title.default\">\n\t\t\t\t<div class=\"elementor-widget-container\">\n\t\t\t\t\t\n   <div class=\"ts-section-title title-center\">\n      <h2 class=\"section-title \">\n        <span>Peixes<\/span>     <\/h2>\n               <i class=\"icon icon-title\"><\/i>\n\t\t\t      \t\t\t\n   <\/div>\n    \n    \t\t\t\t<\/div>\n\t\t\t\t<\/div>\n\t\t\t\t<div class=\"elementor-element elementor-element-b12263f elementor-widget elementor-widget-delicios-food-menu\" data-id=\"b12263f\" data-element_type=\"widget\" data-e-type=\"widget\" data-widget_type=\"delicios-food-menu.default\">\n\t\t\t\t<div class=\"elementor-widget-container\">\n\t\t\t\t\t                   \n                        <div class=\"row menu-section\"> \n                           <\/div>\n\n                   \n           \n      \t\t\t\t<\/div>\n\t\t\t\t<\/div>\n\t\t\t\t<div class=\"elementor-element elementor-element-8464bb1 elementor-widget elementor-widget-delicios-title\" data-id=\"8464bb1\" data-element_type=\"widget\" data-e-type=\"widget\" data-widget_type=\"delicios-title.default\">\n\t\t\t\t<div class=\"elementor-widget-container\">\n\t\t\t\t\t\n   <div class=\"ts-section-title title-center\">\n      <h2 class=\"section-title \">\n        <span>Camar\u00e3o<\/span>     <\/h2>\n               <i class=\"icon icon-title\"><\/i>\n\t\t\t      \t\t\t\n   <\/div>\n    \n    \t\t\t\t<\/div>\n\t\t\t\t<\/div>\n\t\t\t\t<div class=\"elementor-element elementor-element-9ecaa26 elementor-widget elementor-widget-delicios-food-menu\" data-id=\"9ecaa26\" data-element_type=\"widget\" data-e-type=\"widget\" data-widget_type=\"delicios-food-menu.default\">\n\t\t\t\t<div class=\"elementor-widget-container\">\n\t\t\t\t\t                   \n                        <div class=\"row menu-section\"> \n                           <\/div>\n\n                   \n           \n      \t\t\t\t<\/div>\n\t\t\t\t<\/div>\n\t\t\t\t<div class=\"elementor-element elementor-element-c7610bb elementor-widget elementor-widget-delicios-title\" data-id=\"c7610bb\" data-element_type=\"widget\" data-e-type=\"widget\" data-widget_type=\"delicios-title.default\">\n\t\t\t\t<div class=\"elementor-widget-container\">\n\t\t\t\t\t\n   <div class=\"ts-section-title title-center\">\n      <h2 class=\"section-title \">\n        <span>Bacalhau<\/span>     <\/h2>\n               <i class=\"icon icon-title\"><\/i>\n\t\t\t      \t\t\t\n   <\/div>\n    \n    \t\t\t\t<\/div>\n\t\t\t\t<\/div>\n\t\t\t\t<div class=\"elementor-element elementor-element-58ab1ee elementor-widget elementor-widget-delicios-food-menu\" data-id=\"58ab1ee\" data-element_type=\"widget\" data-e-type=\"widget\" data-widget_type=\"delicios-food-menu.default\">\n\t\t\t\t<div class=\"elementor-widget-container\">\n\t\t\t\t\t                   \n                        <div class=\"row menu-section\"> \n                           <\/div>\n\n                   \n           \n      \t\t\t\t<\/div>\n\t\t\t\t<\/div>\n\t\t\t\t<div class=\"elementor-element elementor-element-217e812 elementor-widget elementor-widget-delicios-food-menu\" data-id=\"217e812\" data-element_type=\"widget\" data-e-type=\"widget\" data-widget_type=\"delicios-food-menu.default\">\n\t\t\t\t<div class=\"elementor-widget-container\">\n\t\t\t\t\t                   \n                        <div class=\"row menu-section\"> \n                           <\/div>\n\n                   \n           \n      \t\t\t\t<\/div>\n\t\t\t\t<\/div>\n\t\t\t\t<div class=\"elementor-element elementor-element-d6b254a elementor-widget elementor-widget-delicios-title\" data-id=\"d6b254a\" data-element_type=\"widget\" data-e-type=\"widget\" data-widget_type=\"delicios-title.default\">\n\t\t\t\t<div class=\"elementor-widget-container\">\n\t\t\t\t\t\n   <div class=\"ts-section-title title-center\">\n      <h2 class=\"section-title \">\n        <span>Pizzas<\/span>     <\/h2>\n               <i class=\"icon icon-title\"><\/i>\n\t\t\t      \t\t\t\n   <\/div>\n    \n    \t\t\t\t<\/div>\n\t\t\t\t<\/div>\n\t\t\t\t<div class=\"elementor-element elementor-element-779460e elementor-widget elementor-widget-delicios-food-menu\" data-id=\"779460e\" data-element_type=\"widget\" data-e-type=\"widget\" data-widget_type=\"delicios-food-menu.default\">\n\t\t\t\t<div class=\"elementor-widget-container\">\n\t\t\t\t\t                   \n                        <div class=\"row menu-section\"> \n                           <\/div>\n\n                   \n           \n      \t\t\t\t<\/div>\n\t\t\t\t<\/div>\n\t\t\t\t<div class=\"elementor-element elementor-element-e9b76e7 elementor-widget elementor-widget-delicios-title\" data-id=\"e9b76e7\" data-element_type=\"widget\" data-e-type=\"widget\" data-widget_type=\"delicios-title.default\">\n\t\t\t\t<div class=\"elementor-widget-container\">\n\t\t\t\t\t\n   <div class=\"ts-section-title title-center\">\n      <h2 class=\"section-title \">\n        <span>Pizzas Doces<\/span>     <\/h2>\n               <i class=\"icon icon-title\"><\/i>\n\t\t\t      \t\t\t\n   <\/div>\n    \n    \t\t\t\t<\/div>\n\t\t\t\t<\/div>\n\t\t\t\t<div class=\"elementor-element elementor-element-fd65db8 elementor-widget elementor-widget-delicios-food-menu\" data-id=\"fd65db8\" data-element_type=\"widget\" data-e-type=\"widget\" data-widget_type=\"delicios-food-menu.default\">\n\t\t\t\t<div class=\"elementor-widget-container\">\n\t\t\t\t\t                   \n                        <div class=\"row menu-section\"> \n                           <\/div>\n\n                   \n           \n      \t\t\t\t<\/div>\n\t\t\t\t<\/div>\n\t\t\t\t\t<\/div>\n\t\t<\/div>\n\t\t\t\t\t<\/div>\n\t\t<\/section>\n\t\t\t\t\t<\/div>\n\t\t<\/div>\n\t\t\t\t\t<\/div>\n\t\t<\/section>\n\t\t\t\t<\/div>\n\t\t","protected":false},"excerpt":{"rendered":"<p>Saladas Completa alface, tomate, cebola, ervilha, palmito, vagem, br\u00f3colis, cenoura, presunto, queijo e azeitonas Mista alface, tomate, cebola, palmito, ervilha e azeitonas Simples alface, tomate e cebola Palmito palmito e azeitonas Alface Tomate Caprese tomate, mu\u00e7arela 100% de b\u00fafala e manjeric\u00e3o fresco Verde alface e r\u00facula Por\u00e7\u00f5es Filet mignon aperitivo acebolado ou molho gorgonzola ou [&hellip;]<\/p>\n","protected":false},"author":1,"featured_media":0,"parent":0,"menu_order":0,"comment_status":"closed","ping_status":"closed","template":"template\/full-width-template.php","meta":{"footnotes":""},"class_list":["post-986","page","type-page","status-publish","hentry"],"_links":{"self":[{"href":"https:\/\/restaurantesideral.com.br\/novo\/wp-json\/wp\/v2\/pages\/986","targetHints":{"allow":["GET"]}}],"collection":[{"href":"https:\/\/restaurantesideral.com.br\/novo\/wp-json\/wp\/v2\/pages"}],"about":[{"href":"https:\/\/restaurantesideral.com.br\/novo\/wp-json\/wp\/v2\/types\/page"}],"author":[{"embeddable":true,"href":"https:\/\/restaurantesideral.com.br\/novo\/wp-json\/wp\/v2\/users\/1"}],"replies":[{"embeddable":true,"href":"https:\/\/restaurantesideral.com.br\/novo\/wp-json\/wp\/v2\/comments?post=986"}],"version-history":[{"count":19,"href":"https:\/\/restaurantesideral.com.br\/novo\/wp-json\/wp\/v2\/pages\/986\/revisions"}],"predecessor-version":[{"id":1635,"href":"https:\/\/restaurantesideral.com.br\/novo\/wp-json\/wp\/v2\/pages\/986\/revisions\/1635"}],"wp:attachment":[{"href":"https:\/\/restaurantesideral.com.br\/novo\/wp-json\/wp\/v2\/media?parent=986"}],"curies":[{"name":"wp","href":"https:\/\/api.w.org\/{rel}","templated":true}]}}