{"id":842,"date":"2019-06-20T05:10:56","date_gmt":"2019-06-20T05:10:56","guid":{"rendered":"https:\/\/restaurantesideral.com.br\/novo\/?page_id=842"},"modified":"2023-11-01T17:47:08","modified_gmt":"2023-11-01T17:47:08","slug":"about","status":"publish","type":"page","link":"https:\/\/restaurantesideral.com.br\/novo\/about\/","title":{"rendered":"Sobre"},"content":{"rendered":"\t\t<div data-elementor-type=\"wp-post\" data-elementor-id=\"842\" class=\"elementor elementor-842\">\n\t\t\t\t\t\t<section class=\"elementor-section elementor-top-section elementor-element elementor-element-64134f5 elementor-section-boxed elementor-section-height-default elementor-section-height-default\" data-id=\"64134f5\" data-element_type=\"section\" data-e-type=\"section\" data-settings=\"{&quot;background_background&quot;:&quot;classic&quot;}\">\n\t\t\t\t\t\t\t<div class=\"elementor-background-overlay\"><\/div>\n\t\t\t\t\t\t\t<div class=\"elementor-container elementor-column-gap-default\">\n\t\t\t\t\t<div class=\"elementor-column elementor-col-50 elementor-top-column elementor-element elementor-element-2057553\" data-id=\"2057553\" data-element_type=\"column\" data-e-type=\"column\">\n\t\t\t<div class=\"elementor-widget-wrap elementor-element-populated\">\n\t\t\t\t\t\t<div class=\"elementor-element elementor-element-ab20be2 elementor-widget elementor-widget-image\" data-id=\"ab20be2\" data-element_type=\"widget\" data-e-type=\"widget\" data-widget_type=\"image.default\">\n\t\t\t\t<div class=\"elementor-widget-container\">\n\t\t\t\t\t\t\t\t\t\t\t\t\t\t\t<img fetchpriority=\"high\" decoding=\"async\" width=\"612\" height=\"547\" src=\"https:\/\/restaurantesideral.com.br\/novo\/wp-content\/uploads\/2023\/11\/10.jpg\" class=\"attachment-large size-large wp-image-1591\" alt=\"\" srcset=\"https:\/\/restaurantesideral.com.br\/novo\/wp-content\/uploads\/2023\/11\/10.jpg 612w, https:\/\/restaurantesideral.com.br\/novo\/wp-content\/uploads\/2023\/11\/10-300x268.jpg 300w, https:\/\/restaurantesideral.com.br\/novo\/wp-content\/uploads\/2023\/11\/10-600x536.jpg 600w\" sizes=\"(max-width: 612px) 100vw, 612px\" \/>\t\t\t\t\t\t\t\t\t\t\t\t\t\t\t<\/div>\n\t\t\t\t<\/div>\n\t\t\t\t\t<\/div>\n\t\t<\/div>\n\t\t\t\t<div class=\"elementor-column elementor-col-50 elementor-top-column elementor-element elementor-element-df60eac\" data-id=\"df60eac\" data-element_type=\"column\" data-e-type=\"column\">\n\t\t\t<div class=\"elementor-widget-wrap elementor-element-populated\">\n\t\t\t\t\t\t<div class=\"elementor-element elementor-element-ba59b77 elementor-widget elementor-widget-delicios-title\" data-id=\"ba59b77\" data-element_type=\"widget\" data-e-type=\"widget\" data-widget_type=\"delicios-title.default\">\n\t\t\t\t<div class=\"elementor-widget-container\">\n\t\t\t\t\t\n   <div class=\"ts-section-title title-center\">\n      <h2 class=\"section-title \">\n        Sobre <span>N\u00f3s<\/span>     <\/h2>\n               <i class=\"icon icon-title\"><\/i>\n\t\t\t      \t\t\t\n   <\/div>\n    \n    \t\t\t\t<\/div>\n\t\t\t\t<\/div>\n\t\t\t\t<div class=\"elementor-element elementor-element-cdc8f15 elementor-widget elementor-widget-text-editor\" data-id=\"cdc8f15\" data-element_type=\"widget\" data-e-type=\"widget\" data-widget_type=\"text-editor.default\">\n\t\t\t\t<div class=\"elementor-widget-container\">\n\t\t\t\t\t\t\t\t\t<p>Com quase seis d\u00e9cadas de uma trajet\u00f3ria rica e saborosa, o Restaurante Sideral \u00e9 um verdadeiro patrim\u00f4nio gastron\u00f4mico, unindo tradi\u00e7\u00e3o e inova\u00e7\u00e3o para proporcionar experi\u00eancias culin\u00e1rias inesquec\u00edveis.<\/p>\t\t\t\t\t\t\t\t<\/div>\n\t\t\t\t<\/div>\n\t\t\t\t<div class=\"elementor-element elementor-element-1efb124 elementor-widget elementor-widget-text-editor\" data-id=\"1efb124\" data-element_type=\"widget\" data-e-type=\"widget\" data-widget_type=\"text-editor.default\">\n\t\t\t\t<div class=\"elementor-widget-container\">\n\t\t\t\t\t\t\t\t\t<p>Nossa hist\u00f3ria \u00e9 marcada por momentos especiais, sabores aut\u00eanticos e um compromisso incans\u00e1vel com a qualidade. Desde o in\u00edcio, nosso objetivo sempre foi oferecer mais do que refei\u00e7\u00f5es: buscamos criar mem\u00f3rias, fortalecer la\u00e7os e celebrar a boa comida.<\/p>\t\t\t\t\t\t\t\t<\/div>\n\t\t\t\t<\/div>\n\t\t\t\t<div class=\"elementor-element elementor-element-0a92487 elementor-widget elementor-widget-text-editor\" data-id=\"0a92487\" data-element_type=\"widget\" data-e-type=\"widget\" data-widget_type=\"text-editor.default\">\n\t\t\t\t<div class=\"elementor-widget-container\">\n\t\t\t\t\t\t\t\t\t<p>A evolu\u00e7\u00e3o faz parte do nosso DNA. Todos os dias, trabalhamos para aprimorar nossos pratos, inovar em nosso menu e superar as expectativas dos nossos clientes. N\u00e3o medimos esfor\u00e7os para manter vivas as tradi\u00e7\u00f5es que nos tornaram queridos, ao mesmo tempo em que abra\u00e7amos as novidades que o paladar contempor\u00e2neo deseja.<\/p>\t\t\t\t\t\t\t\t<\/div>\n\t\t\t\t<\/div>\n\t\t\t\t\t<\/div>\n\t\t<\/div>\n\t\t\t\t\t<\/div>\n\t\t<\/section>\n\t\t\t\t<section class=\"elementor-section elementor-top-section elementor-element elementor-element-b6be0d2 elementor-section-boxed elementor-section-height-default elementor-section-height-default\" data-id=\"b6be0d2\" data-element_type=\"section\" data-e-type=\"section\">\n\t\t\t\t\t\t<div class=\"elementor-container elementor-column-gap-default\">\n\t\t\t\t\t<div class=\"elementor-column elementor-col-100 elementor-top-column elementor-element elementor-element-157b679\" data-id=\"157b679\" data-element_type=\"column\" data-e-type=\"column\">\n\t\t\t<div class=\"elementor-widget-wrap elementor-element-populated\">\n\t\t\t\t\t\t<div class=\"elementor-element elementor-element-75449a7 elementor-widget elementor-widget-text-editor\" data-id=\"75449a7\" data-element_type=\"widget\" data-e-type=\"widget\" data-widget_type=\"text-editor.default\">\n\t\t\t\t<div class=\"elementor-widget-container\">\n\t\t\t\t\t\t\t\t\t<p>O Sideral \u00e9 mais do que um restaurante: \u00e9 um encontro de gera\u00e7\u00f5es, um espa\u00e7o onde o cl\u00e1ssico e o moderno se harmonizam perfeitamente. Aqui, cada detalhe \u00e9 pensado para que voc\u00ea se sinta acolhido e cada refei\u00e7\u00e3o \u00e9 preparada com o carinho e a dedica\u00e7\u00e3o que s\u00f3 uma hist\u00f3ria de quase 60 anos pode oferecer.<\/p><p>Convidamos voc\u00ea a fazer parte da nossa hist\u00f3ria, a se deliciar com nossas cria\u00e7\u00f5es culin\u00e1rias e a descobrir por si mesmo o motivo pelo qual temos orgulho de nossa longevidade e tradi\u00e7\u00e3o.<\/p><p>Venha nos visitar e viver uma experi\u00eancia gastron\u00f4mica \u00fanica. O Restaurante Sideral est\u00e1 de portas abertas, pronto para te receber e criar novas mem\u00f3rias ao seu lado.<\/p>\t\t\t\t\t\t\t\t<\/div>\n\t\t\t\t<\/div>\n\t\t\t\t\t<\/div>\n\t\t<\/div>\n\t\t\t\t\t<\/div>\n\t\t<\/section>\n\t\t\t\t<section class=\"elementor-section elementor-top-section elementor-element elementor-element-796d7e0 elementor-section-boxed elementor-section-height-default elementor-section-height-default\" data-id=\"796d7e0\" data-element_type=\"section\" data-e-type=\"section\" data-settings=\"{&quot;background_background&quot;:&quot;classic&quot;}\">\n\t\t\t\t\t\t\t<div class=\"elementor-background-overlay\"><\/div>\n\t\t\t\t\t\t\t<div class=\"elementor-container elementor-column-gap-default\">\n\t\t\t\t\t<div class=\"elementor-column elementor-col-50 elementor-top-column elementor-element elementor-element-9833b8c\" data-id=\"9833b8c\" data-element_type=\"column\" data-e-type=\"column\">\n\t\t\t<div class=\"elementor-widget-wrap elementor-element-populated\">\n\t\t\t\t\t\t<div class=\"elementor-element elementor-element-3ed0ad4 elementor-widget elementor-widget-counter\" data-id=\"3ed0ad4\" data-element_type=\"widget\" data-e-type=\"widget\" data-widget_type=\"counter.default\">\n\t\t\t\t<div class=\"elementor-widget-container\">\n\t\t\t\t\t\t\t<div class=\"elementor-counter\">\n\t\t\t<div class=\"elementor-counter-title\">Anos de Hist\u00f3ria<\/div>\t\t\t<div class=\"elementor-counter-number-wrapper\">\n\t\t\t\t<span class=\"elementor-counter-number-prefix\"><\/span>\n\t\t\t\t<span class=\"elementor-counter-number\" data-duration=\"2000\" data-to-value=\"46\" data-from-value=\"0\" data-delimiter=\",\">0<\/span>\n\t\t\t\t<span class=\"elementor-counter-number-suffix\"><\/span>\n\t\t\t<\/div>\n\t\t<\/div>\n\t\t\t\t\t\t<\/div>\n\t\t\t\t<\/div>\n\t\t\t\t<div class=\"elementor-element elementor-element-0ef6115 elementor-absolute elementor-view-default elementor-widget elementor-widget-icon\" data-id=\"0ef6115\" data-element_type=\"widget\" data-e-type=\"widget\" data-settings=\"{&quot;_position&quot;:&quot;absolute&quot;}\" data-widget_type=\"icon.default\">\n\t\t\t\t<div class=\"elementor-widget-container\">\n\t\t\t\t\t\t\t<div class=\"elementor-icon-wrapper\">\n\t\t\t<div class=\"elementor-icon\">\n\t\t\t\t\t\t\t<i class=\"icon icon-funfact_icon1\" aria-hidden=\"true\"><\/i>\n\t\t\t\t\t\t<\/div>\n\t\t<\/div>\n\t\t\t\t\t\t<\/div>\n\t\t\t\t<\/div>\n\t\t\t\t\t<\/div>\n\t\t<\/div>\n\t\t\t\t<div class=\"elementor-column elementor-col-50 elementor-top-column elementor-element elementor-element-1e14147\" data-id=\"1e14147\" data-element_type=\"column\" data-e-type=\"column\">\n\t\t\t<div class=\"elementor-widget-wrap elementor-element-populated\">\n\t\t\t\t\t\t<div class=\"elementor-element elementor-element-4bec020 elementor-widget elementor-widget-counter\" data-id=\"4bec020\" data-element_type=\"widget\" data-e-type=\"widget\" data-widget_type=\"counter.default\">\n\t\t\t\t<div class=\"elementor-widget-container\">\n\t\t\t\t\t\t\t<div class=\"elementor-counter\">\n\t\t\t<div class=\"elementor-counter-title\">Op\u00e7\u00f5es a la Carte<\/div>\t\t\t<div class=\"elementor-counter-number-wrapper\">\n\t\t\t\t<span class=\"elementor-counter-number-prefix\"><\/span>\n\t\t\t\t<span class=\"elementor-counter-number\" data-duration=\"2000\" data-to-value=\"87\" data-from-value=\"0\" data-delimiter=\",\">0<\/span>\n\t\t\t\t<span class=\"elementor-counter-number-suffix\"><\/span>\n\t\t\t<\/div>\n\t\t<\/div>\n\t\t\t\t\t\t<\/div>\n\t\t\t\t<\/div>\n\t\t\t\t<div class=\"elementor-element elementor-element-7071f44 elementor-absolute elementor-view-default elementor-widget elementor-widget-icon\" data-id=\"7071f44\" data-element_type=\"widget\" data-e-type=\"widget\" data-settings=\"{&quot;_position&quot;:&quot;absolute&quot;}\" data-widget_type=\"icon.default\">\n\t\t\t\t<div class=\"elementor-widget-container\">\n\t\t\t\t\t\t\t<div class=\"elementor-icon-wrapper\">\n\t\t\t<div class=\"elementor-icon\">\n\t\t\t\t\t\t\t<i class=\"icon icon-funfact_icon2\" aria-hidden=\"true\"><\/i>\n\t\t\t\t\t\t<\/div>\n\t\t<\/div>\n\t\t\t\t\t\t<\/div>\n\t\t\t\t<\/div>\n\t\t\t\t\t<\/div>\n\t\t<\/div>\n\t\t\t\t\t<\/div>\n\t\t<\/section>\n\t\t\t\t<\/div>\n\t\t","protected":false},"excerpt":{"rendered":"<p>Sobre N\u00f3s Com quase seis d\u00e9cadas de uma trajet\u00f3ria rica e saborosa, o Restaurante Sideral \u00e9 um verdadeiro patrim\u00f4nio gastron\u00f4mico, unindo tradi\u00e7\u00e3o e inova\u00e7\u00e3o para proporcionar experi\u00eancias culin\u00e1rias inesquec\u00edveis. Nossa hist\u00f3ria \u00e9 marcada por momentos especiais, sabores aut\u00eanticos e um compromisso incans\u00e1vel com a qualidade. Desde o in\u00edcio, nosso objetivo sempre foi oferecer mais do [&hellip;]<\/p>\n","protected":false},"author":1,"featured_media":0,"parent":0,"menu_order":0,"comment_status":"closed","ping_status":"closed","template":"template\/full-width-template.php","meta":{"footnotes":""},"class_list":["post-842","page","type-page","status-publish","hentry"],"_links":{"self":[{"href":"https:\/\/restaurantesideral.com.br\/novo\/wp-json\/wp\/v2\/pages\/842","targetHints":{"allow":["GET"]}}],"collection":[{"href":"https:\/\/restaurantesideral.com.br\/novo\/wp-json\/wp\/v2\/pages"}],"about":[{"href":"https:\/\/restaurantesideral.com.br\/novo\/wp-json\/wp\/v2\/types\/page"}],"author":[{"embeddable":true,"href":"https:\/\/restaurantesideral.com.br\/novo\/wp-json\/wp\/v2\/users\/1"}],"replies":[{"embeddable":true,"href":"https:\/\/restaurantesideral.com.br\/novo\/wp-json\/wp\/v2\/comments?post=842"}],"version-history":[{"count":7,"href":"https:\/\/restaurantesideral.com.br\/novo\/wp-json\/wp\/v2\/pages\/842\/revisions"}],"predecessor-version":[{"id":1605,"href":"https:\/\/restaurantesideral.com.br\/novo\/wp-json\/wp\/v2\/pages\/842\/revisions\/1605"}],"wp:attachment":[{"href":"https:\/\/restaurantesideral.com.br\/novo\/wp-json\/wp\/v2\/media?parent=842"}],"curies":[{"name":"wp","href":"https:\/\/api.w.org\/{rel}","templated":true}]}}